{"id":23,"date":"2022-12-19T08:59:26","date_gmt":"2022-12-19T07:59:26","guid":{"rendered":"https:\/\/diut.eu\/?page_id=23"},"modified":"2023-04-28T14:49:42","modified_gmt":"2023-04-28T12:49:42","slug":"kontakt","status":"publish","type":"page","link":"https:\/\/diut.eu\/en\/kontakt\/","title":{"rendered":"Contact"},"content":{"rendered":"<style>.kb-row-layout-id_6a87db-e3 > .kt-row-column-wrap{align-content:start;}:where(.kb-row-layout-id_6a87db-e3 > .kt-row-column-wrap) > .wp-block-kadence-column{justify-content:start;}.kb-row-layout-id_6a87db-e3 > .kt-row-column-wrap{column-gap:var(--global-kb-gap-md, 2rem);row-gap:var(--global-kb-gap-md, 2rem);max-width:var( --global-content-width, 1300px );padding-left:var(--global-content-edge-padding);padding-right:var(--global-content-edge-padding);padding-top:30px;padding-bottom:15px;grid-template-columns:minmax(0, calc(60% - ((var(--global-kb-gap-md, 2rem) * 1 )\/2)))minmax(0, calc(40% - ((var(--global-kb-gap-md, 2rem) * 1 )\/2)));}.kb-row-layout-id_6a87db-e3 > .kt-row-layout-overlay{opacity:0.30;}@media all and (max-width: 1024px){.kb-row-layout-id_6a87db-e3 > .kt-row-column-wrap{grid-template-columns:minmax(0, 1fr);}}@media all and (max-width: 767px){.kb-row-layout-id_6a87db-e3 > .kt-row-column-wrap{grid-template-columns:minmax(0, 1fr);}}<\/style><div class=\"kb-row-layout-wrap kb-row-layout-id_6a87db-e3 alignnone wp-block-kadence-rowlayout\"><div class=\"kt-row-column-wrap kt-has-2-columns kt-row-layout-equal kt-tab-layout-row kt-mobile-layout-row kt-row-valign-top kb-theme-content-width\">\n<style>.kadence-column_5a65de-a9 > .kt-inside-inner-col,.kadence-column_5a65de-a9 > .kt-inside-inner-col:before{border-top-left-radius:0px;border-top-right-radius:0px;border-bottom-right-radius:0px;border-bottom-left-radius:0px;}.kadence-column_5a65de-a9 > .kt-inside-inner-col{column-gap:var(--global-kb-gap-sm, 1rem);}.kadence-column_5a65de-a9 > .kt-inside-inner-col{flex-direction:column;}.kadence-column_5a65de-a9 > .kt-inside-inner-col > .aligncenter{width:100%;}.kadence-column_5a65de-a9 > .kt-inside-inner-col:before{opacity:0.3;}.kadence-column_5a65de-a9{position:relative;}@media all and (max-width: 1024px){.kadence-column_5a65de-a9 > .kt-inside-inner-col{flex-direction:column;justify-content:center;}}@media all and (max-width: 767px){.kadence-column_5a65de-a9 > .kt-inside-inner-col{flex-direction:column;justify-content:center;}}<\/style>\n<div class=\"wp-block-kadence-column kadence-column_5a65de-a9 inner-column-1\"><div class=\"kt-inside-inner-col\"><style>.wp-block-kadence-advancedheading.kt-adv-heading_2663e6-68, .wp-block-kadence-advancedheading.kt-adv-heading_2663e6-68[data-kb-block=\"kb-adv-heading_2663e6-68\"]{padding-bottom:30px;font-size:36px;font-style:normal;}.wp-block-kadence-advancedheading.kt-adv-heading_2663e6-68 mark.kt-highlight, .wp-block-kadence-advancedheading.kt-adv-heading_2663e6-68[data-kb-block=\"kb-adv-heading_2663e6-68\"] mark.kt-highlight{font-style:normal;color:#f76a0c;-webkit-box-decoration-break:clone;box-decoration-break:clone;padding-top:0px;padding-right:0px;padding-bottom:0px;padding-left:0px;}.wp-block-kadence-advancedheading.kt-adv-heading_2663e6-68 img.kb-inline-image, .wp-block-kadence-advancedheading.kt-adv-heading_2663e6-68[data-kb-block=\"kb-adv-heading_2663e6-68\"] img.kb-inline-image{width:150px;vertical-align:baseline;}@media all and (max-width: 767px){.wp-block-kadence-advancedheading.kt-adv-heading_2663e6-68, .wp-block-kadence-advancedheading.kt-adv-heading_2663e6-68[data-kb-block=\"kb-adv-heading_2663e6-68\"]{padding-bottom:5px;font-size:30px;}}<\/style>\n<h2 class=\"kt-adv-heading_2663e6-68 wp-block-kadence-advancedheading\" data-kb-block=\"kb-adv-heading_2663e6-68\">Doradztwo i Us\u0142ugi Techniczne<br>Piotr Gniech<\/h2>\n\n\n<style>.wp-block-kadence-iconlist.kt-svg-icon-list-items_33723d-ea:not(.this-stops-third-party-issues){margin-top:0px;margin-bottom:0px;}.wp-block-kadence-iconlist.kt-svg-icon-list-items_33723d-ea ul.kt-svg-icon-list:not(.this-prevents-issues):not(.this-stops-third-party-issues):not(.tijsloc){margin-top:0px;margin-right:0px;margin-bottom:10px;margin-left:0px;}.wp-block-kadence-iconlist.kt-svg-icon-list-items_33723d-ea ul.kt-svg-icon-list{grid-row-gap:20px;}.wp-block-kadence-iconlist.kt-svg-icon-list-items_33723d-ea ul.kt-svg-icon-list .kt-svg-icon-list-item-wrap .kt-svg-icon-list-single{margin-right:10px;}<\/style>\n<div class=\"wp-block-kadence-iconlist kt-svg-icon-list-items kt-svg-icon-list-items_33723d-ea kt-svg-icon-list-columns-1 alignnone kt-list-icon-aligntop\"><ul class=\"kt-svg-icon-list\"><style>.kt-svg-icon-list-item-_610154-e2 .kt-svg-icon-list-single{font-size:20px !important;color:var(--global-palette9, #ffffff) !important;background-color:var(--global-palette2, #2B6CB0)!important;padding:10px !important;border-width:1px !important;border-radius:4% !important;}.kt-svg-icon-list-item-_610154-e2 .kt-svg-icon-list-text mark.kt-highlight{background-color:unset;font-style:normal;color:#f76a0c;-webkit-box-decoration-break:clone;box-decoration-break:clone;padding-top:0px;padding-right:0px;padding-bottom:0px;padding-left:0px;}<\/style>\n<li class=\"wp-block-kadence-listitem kt-svg-icon-list-item-wrap kt-svg-icon-list-item-_610154-e2 kt-svg-icon-list-style-stacked\"><span class=\"kb-svg-icon-wrap kb-svg-icon-fe_mapPin kt-svg-icon-list-single\"><svg viewBox=\"0 0 24 24\"  fill=\"none\" stroke=\"currentColor\" stroke-width=\"2\" stroke-linecap=\"round\" stroke-linejoin=\"round\" xmlns=\"http:\/\/www.w3.org\/2000\/svg\"  aria-hidden=\"true\"><path d=\"M21 10c0 7-9 13-9 13s-9-6-9-13a9 9 0 0 1 18 0z\"\/><circle cx=\"12\" cy=\"10\" r=\"3\"\/><\/svg><\/span><span class=\"kt-svg-icon-list-text\">Tropiszewo 11, 82-224 Lichnowy<\/span><\/li>\n\n\n<style>.kt-svg-icon-list-item-_e5f5ff-07 .kt-svg-icon-list-single{font-size:20px !important;color:var(--global-palette9, #ffffff) !important;background-color:var(--global-palette2, #2B6CB0)!important;padding:10px !important;border-width:1px !important;border-radius:4% !important;}.kt-svg-icon-list-item-_e5f5ff-07 .kt-svg-icon-list-text mark.kt-highlight{background-color:unset;font-style:normal;color:#f76a0c;-webkit-box-decoration-break:clone;box-decoration-break:clone;padding-top:0px;padding-right:0px;padding-bottom:0px;padding-left:0px;}<\/style>\n<li class=\"wp-block-kadence-listitem kt-svg-icon-list-item-wrap kt-svg-icon-list-item-_e5f5ff-07 kt-svg-icon-list-style-stacked\"><a href=\"tel:+48516206740\" class=\"kt-svg-icon-link\"><span class=\"kb-svg-icon-wrap kb-svg-icon-fe_phoneCall kt-svg-icon-list-single\"><svg viewBox=\"0 0 24 24\"  fill=\"none\" stroke=\"currentColor\" stroke-width=\"2\" stroke-linecap=\"round\" stroke-linejoin=\"round\" xmlns=\"http:\/\/www.w3.org\/2000\/svg\"  aria-hidden=\"true\"><path d=\"M15.05 5A5 5 0 0 1 19 8.95M15.05 1A9 9 0 0 1 23 8.94m-1 7.98v3a2 2 0 0 1-2.18 2 19.79 19.79 0 0 1-8.63-3.07 19.5 19.5 0 0 1-6-6 19.79 19.79 0 0 1-3.07-8.67A2 2 0 0 1 4.11 2h3a2 2 0 0 1 2 1.72 12.84 12.84 0 0 0 .7 2.81 2 2 0 0 1-.45 2.11L8.09 9.91a16 16 0 0 0 6 6l1.27-1.27a2 2 0 0 1 2.11-.45 12.84 12.84 0 0 0 2.81.7A2 2 0 0 1 22 16.92z\"\/><\/svg><\/span><span class=\"kt-svg-icon-list-text\">tel:\u00a0+ 48 516\u00a0206\u00a0740<\/span><\/a><\/li>\n\n\n<style>.kt-svg-icon-list-item-_68b50e-4d .kt-svg-icon-list-single{font-size:20px !important;color:var(--global-palette9, #ffffff) !important;background-color:var(--global-palette2, #2B6CB0)!important;padding:10px !important;border-width:1px !important;border-radius:4% !important;}.kt-svg-icon-list-item-_68b50e-4d .kt-svg-icon-list-text mark.kt-highlight{background-color:unset;font-style:normal;color:#f76a0c;-webkit-box-decoration-break:clone;box-decoration-break:clone;padding-top:0px;padding-right:0px;padding-bottom:0px;padding-left:0px;}<\/style>\n<li class=\"wp-block-kadence-listitem kt-svg-icon-list-item-wrap kt-svg-icon-list-item-_68b50e-4d kt-svg-icon-list-style-stacked\"><a href=\"mailto:office@tropiszewo-fabryka.com\" class=\"kt-svg-icon-link\"><span class=\"kb-svg-icon-wrap kb-svg-icon-fe_mail kt-svg-icon-list-single\"><svg viewBox=\"0 0 24 24\"  fill=\"none\" stroke=\"currentColor\" stroke-width=\"2\" stroke-linecap=\"round\" stroke-linejoin=\"round\" xmlns=\"http:\/\/www.w3.org\/2000\/svg\"  aria-hidden=\"true\"><path d=\"M4 4h16c1.1 0 2 .9 2 2v12c0 1.1-.9 2-2 2H4c-1.1 0-2-.9-2-2V6c0-1.1.9-2 2-2z\"\/><polyline points=\"22,6 12,13 2,6\"\/><\/svg><\/span><span class=\"kt-svg-icon-list-text\">e-mail: office@tropiszewo-fabryka.com<\/span><\/a><\/li>\n\n\n<style>.kt-svg-icon-list-item-_7c0826-81 .kt-svg-icon-list-single{font-size:20px !important;color:var(--global-palette9, #ffffff) !important;background-color:var(--global-palette2, #2B6CB0)!important;padding:10px !important;border-width:1px !important;border-radius:4% !important;}.kt-svg-icon-list-item-_7c0826-81 .kt-svg-icon-list-text mark.kt-highlight{background-color:unset;font-style:normal;color:#f76a0c;-webkit-box-decoration-break:clone;box-decoration-break:clone;padding-top:0px;padding-right:0px;padding-bottom:0px;padding-left:0px;}<\/style>\n<li class=\"wp-block-kadence-listitem kt-svg-icon-list-item-wrap kt-svg-icon-list-item-_7c0826-81 kt-svg-icon-list-style-stacked\"><span class=\"kb-svg-icon-wrap kb-svg-icon-fe_bookmark kt-svg-icon-list-single\"><svg viewBox=\"0 0 24 24\"  fill=\"none\" stroke=\"currentColor\" stroke-width=\"2\" stroke-linecap=\"round\" stroke-linejoin=\"round\" xmlns=\"http:\/\/www.w3.org\/2000\/svg\"  aria-hidden=\"true\"><path d=\"M19 21l-7-5-7 5V5a2 2 0 0 1 2-2h10a2 2 0 0 1 2 2z\"\/><\/svg><\/span><span class=\"kt-svg-icon-list-text\">NIP: 5841444471\u00a0<\/span><\/li>\n\n\n<style>.kt-svg-icon-list-item-_834a63-97 .kt-svg-icon-list-single{font-size:20px !important;color:var(--global-palette9, #ffffff) !important;background-color:var(--global-palette2, #2B6CB0)!important;padding:10px !important;border-width:1px !important;border-radius:4% !important;}.kt-svg-icon-list-item-_834a63-97 .kt-svg-icon-list-text mark.kt-highlight{background-color:unset;font-style:normal;color:#f76a0c;-webkit-box-decoration-break:clone;box-decoration-break:clone;padding-top:0px;padding-right:0px;padding-bottom:0px;padding-left:0px;}<\/style>\n<li class=\"wp-block-kadence-listitem kt-svg-icon-list-item-wrap kt-svg-icon-list-item-_834a63-97 kt-svg-icon-list-style-stacked\"><span class=\"kb-svg-icon-wrap kb-svg-icon-fe_bookmark kt-svg-icon-list-single\"><svg viewBox=\"0 0 24 24\"  fill=\"none\" stroke=\"currentColor\" stroke-width=\"2\" stroke-linecap=\"round\" stroke-linejoin=\"round\" xmlns=\"http:\/\/www.w3.org\/2000\/svg\"  aria-hidden=\"true\"><path d=\"M19 21l-7-5-7 5V5a2 2 0 0 1 2-2h10a2 2 0 0 1 2 2z\"\/><\/svg><\/span><span class=\"kt-svg-icon-list-text\">IBAN:<br>07 1160 2202 0000 0000 6295 7946 (PLN)<br>PL 58 1160 2202 0000 0000 6396 4470 (EURO)<br>SWIFT: BIGBPLPW<\/span><\/li>\n<\/ul><\/div>\n\n\n<style>.wp-block-kadence-advancedbtn.kb-btns_1d3993-4c{gap:var(--global-kb-gap-xs, 0.5rem );justify-content:flex-start;align-items:center;}.kt-btns_1d3993-4c .kt-button{font-weight:normal;font-style:normal;}.kt-btns_1d3993-4c .kt-btn-wrap-0{margin-right:5px;}.wp-block-kadence-advancedbtn.kt-btns_1d3993-4c .kt-btn-wrap-0 .kt-button{color:#555555;border-color:#555555;}.wp-block-kadence-advancedbtn.kt-btns_1d3993-4c .kt-btn-wrap-0 .kt-button:hover, .wp-block-kadence-advancedbtn.kt-btns_1d3993-4c .kt-btn-wrap-0 .kt-button:focus{color:#ffffff;border-color:#444444;}.wp-block-kadence-advancedbtn.kt-btns_1d3993-4c .kt-btn-wrap-0 .kt-button::before{display:none;}.wp-block-kadence-advancedbtn.kt-btns_1d3993-4c .kt-btn-wrap-0 .kt-button:hover, .wp-block-kadence-advancedbtn.kt-btns_1d3993-4c .kt-btn-wrap-0 .kt-button:focus{background:#444444;}<\/style>\n<div class=\"wp-block-kadence-advancedbtn kb-buttons-wrap kb-btns_1d3993-4c\"><style>ul.menu .wp-block-kadence-advancedbtn .kb-btn_9301cb-ee.kb-button{width:initial;}<\/style><a class=\"kb-button kt-button button kb-btn_9301cb-ee kt-btn-size-small kt-btn-width-type-auto kb-btn-global-fill  kt-btn-has-text-true kt-btn-has-svg-false  wp-block-kadence-singlebtn\" href=\"https:\/\/www.google.com\/maps\/dir\/\/Tropiszewo+11+82-224\/@54.1132313,18.9612817,9z\/data=!4m5!4m4!1m0!1m2!1m1!1s0x46fd5c50e8fd894b:0x281b37ff7af37576\" target=\"_blank\" rel=\"noreferrer noopener\"><span class=\"kt-btn-inner-text\">Wyznacz dojazd w Google Maps<\/span><\/a><\/div>\n<\/div><\/div>\n\n\n<style>.kadence-column_30decd-6c > .kt-inside-inner-col{padding-top:25px;padding-right:25px;padding-bottom:25px;padding-left:25px;}.kadence-column_30decd-6c > .kt-inside-inner-col,.kadence-column_30decd-6c > .kt-inside-inner-col:before{border-top-left-radius:0px;border-top-right-radius:0px;border-bottom-right-radius:0px;border-bottom-left-radius:0px;}.kadence-column_30decd-6c > .kt-inside-inner-col{column-gap:var(--global-kb-gap-sm, 1rem);}.kadence-column_30decd-6c > .kt-inside-inner-col{flex-direction:column;}.kadence-column_30decd-6c > .kt-inside-inner-col > .aligncenter{width:100%;}.kadence-column_30decd-6c > .kt-inside-inner-col{background-color:var(--global-palette8, #F7FAFC);}.kadence-column_30decd-6c > .kt-inside-inner-col:before{opacity:0.3;}.kadence-column_30decd-6c{position:relative;}@media all and (max-width: 1024px){.kadence-column_30decd-6c > .kt-inside-inner-col{flex-direction:column;justify-content:center;}}@media all and (max-width: 767px){.kadence-column_30decd-6c > .kt-inside-inner-col{padding-top:10px;padding-right:10px;padding-bottom:10px;padding-left:10px;flex-direction:column;justify-content:center;}}<\/style>\n<div class=\"wp-block-kadence-column kadence-column_30decd-6c inner-column-2\"><div class=\"kt-inside-inner-col\"><style>.wp-block-kadence-advancedheading.kt-adv-heading_29ceb0-f2, .wp-block-kadence-advancedheading.kt-adv-heading_29ceb0-f2[data-kb-block=\"kb-adv-heading_29ceb0-f2\"]{text-align:left;font-style:normal;}.wp-block-kadence-advancedheading.kt-adv-heading_29ceb0-f2 mark.kt-highlight, .wp-block-kadence-advancedheading.kt-adv-heading_29ceb0-f2[data-kb-block=\"kb-adv-heading_29ceb0-f2\"] mark.kt-highlight{font-style:normal;color:#f76a0c;-webkit-box-decoration-break:clone;box-decoration-break:clone;padding-top:0px;padding-right:0px;padding-bottom:0px;padding-left:0px;}.wp-block-kadence-advancedheading.kt-adv-heading_29ceb0-f2 img.kb-inline-image, .wp-block-kadence-advancedheading.kt-adv-heading_29ceb0-f2[data-kb-block=\"kb-adv-heading_29ceb0-f2\"] img.kb-inline-image{width:150px;vertical-align:baseline;}<\/style>\n<h3 class=\"kt-adv-heading_29ceb0-f2 wp-block-kadence-advancedheading\" data-kb-block=\"kb-adv-heading_29ceb0-f2\">Napisz do nas:<\/h3>\n\n\n<style>.kadence-form-_29f551-39 .kb-form .kadence-blocks-form-field .kb-text-style-field, .kadence-form-_29f551-39 .kb-form .kadence-blocks-form-field .kb-select-style-field{border-radius:0px;font-size:15px;line-height:1.3em;border-width:1px 1px 1px 1px;background:#ffffff;border-color:#e1e1e1;}.kadence-form-_29f551-39 .kb-form .kadence-blocks-form-field .kb-text-style-field{padding-top:18px;padding-right:18px;padding-bottom:18px;padding-left:18px;}.kadence-form-_29f551-39 .kb-form .kadence-blocks-form-field .kb-forms-submit{color:#ffffff;border-radius:0px;background:var(--global-palette2, #2B6CB0);}.kadence-form-_29f551-39 .kb-form .kadence-blocks-form-field .kb-forms-submit:hover, .kadence-form-_29f551-39 .kb-form .kadence-blocks-form-field .kb-forms-submit:focus {color:#ffffff;background:var(--global-palette2, #2B6CB0);}.kadence-form-_29f551-39 .kb-form .kadence-blocks-form-field .kb-forms-submit{line-height:40px;font-style:normal;font-weight:regular;}.kb-form input.kadence-blocks-field.verify{opacity:0.0;position:absolute;top:0.0;left:0.0;width:0.0;height:0.0;z-index:-1;}<\/style>\n<div class=\"wp-block-kadence-form kadence-form-_29f551-39 kb-form-wrap\"><form class=\"kb-form\" action=\"\" method=\"post\" data-error-message=\"Prosz\u0119 poprawi\u0107 \"><div class=\"kadence-blocks-form-field kb-field-desk-width-100 kb-input-size-small\"><input name=\"kb_field_0\" id=\"kb_field__29f551-39_0\" data-label=\"Imi\u0119 i nazwisko\" type=\"text\" placeholder=\"Imi\u0119 i nazwisko\" value=\"\" data-type=\"text\" class=\"kb-field kb-text-style-field kb-text-field kb-field-0\"\/><\/div><div class=\"kadence-blocks-form-field kb-form-field-1 kb-field-desk-width-50 kb-input-size-small\"><input name=\"kb_field_1\" id=\"kb_field__29f551-39_1\" data-label=\"E-mail\" type=\"email\" placeholder=\"E-mail \" value=\"\" data-type=\"email\" class=\"kb-field kb-text-style-field kb-email-field kb-field-1\" data-required=\"yes\" data-required-message=\"pole wymagane\" data-validation-message=\"Nie w\u0142a\u015bciwy adres e-mail\"\/><\/div><div class=\"kadence-blocks-form-field kb-form-field-2 kb-field-desk-width-50 kb-input-size-small\"><input name=\"kb_field_2\" id=\"kb_field__29f551-39_2\" data-label=\"Telefon\" type=\"tel\" placeholder=\"Telefon\" value=\"\" data-type=\"tel\" class=\"kb-field kb-text-style-field kb-tel-field kb-field-2\" data-validation-message=\"Wpisz poprawny numer telefonu\"\/><\/div><div class=\"kadence-blocks-form-field kb-form-field-3 kb-field-desk-width-100 kb-input-size-small\"><textarea name=\"kb_field_3\" id=\"kb_field__29f551-39_3\" data-label=\"Wiadomo\u015bc\" type=\"textarea\" placeholder=\"Tre\u015b\u0107 wiadomo\u015bci\" data-type=\"textarea\" class=\"kb-field kb-text-style-field kb-textarea-field kb-field-3\" rows=\"4\" data-required=\"yes\"><\/textarea><\/div><div class=\"kadence-blocks-form-field kb-form-field-4 kb-field-desk-width-100 kb-input-size-small kb-accept-form-field\"><input type=\"checkbox\" name=\"kb_field_4\" id=\"kb_field__29f551-39_4\" class=\"kb-field kb-checkbox-style kb-accept\" value=\"accept\" data-type=\"accept\" data-required=\"yes\"\/><label for=\"kb_field__29f551-39_4\">Zgoda na przetwarzanie danych osobowych zawartych w formularzu<span class=\"required\">*<\/span><\/label><\/div><input type=\"hidden\" name=\"_kb_form_id\" value=\"_29f551-39\"\/><input type=\"hidden\" name=\"_kb_form_post_id\" value=\"23\"\/><input type=\"hidden\" name=\"action\" value=\"kb_process_ajax_submit\"\/><input type=\"hidden\" name=\"recaptcha_response\" class=\"kb_recaptcha_response kb_recaptcha__29f551-39\"\/><label class=\"kadence-verify-label\">Email<input class=\"kadence-blocks-field verify\" type=\"text\" name=\"_kb_verify_email\" autocomplete=\"new-password\" aria-hidden=\"true\" placeholder=\"Email\" tabindex=\"-1\" data-1p-ignore=\"true\" data-lpignore=\"true\" \/><\/label><div class=\"kadence-blocks-form-field kb-submit-field kb-field-desk-width-100\"><button class=\"kb-forms-submit button kb-button-size-standard kb-button-width-full\">Wy\u015blij<\/button><\/div><\/form><\/div>\n<noscript><div class=\"kadence-blocks-form-message kadence-blocks-form-warning\">Please enable JavaScript in your browser to submit the form<\/div><style>.kadence-form-_29f551-39 .kadence-blocks-form-field.kb-submit-field { display: none; }<\/style><\/noscript><\/div><\/div>\n\n<\/div><\/div>\n\n<style>.kb-row-layout-id_49b93e-1b > .kt-row-column-wrap{align-content:center;}:where(.kb-row-layout-id_49b93e-1b > .kt-row-column-wrap) > .wp-block-kadence-column{justify-content:center;}.kb-row-layout-id_49b93e-1b > .kt-row-column-wrap{column-gap:var(--global-kb-gap-lg, 4rem);row-gap:var(--global-kb-gap-md, 2rem);padding-top:5px;padding-right:25px;padding-bottom:100px;padding-left:25px;grid-template-columns:minmax(0, 1fr);}.kb-row-layout-id_49b93e-1b > .kt-row-layout-overlay{opacity:0.30;}@media all and (max-width: 1024px){.kb-row-layout-id_49b93e-1b > .kt-row-column-wrap{grid-template-columns:minmax(0, 1fr);}}@media all and (max-width: 767px){.kb-row-layout-id_49b93e-1b > .kt-row-column-wrap{grid-template-columns:minmax(0, 1fr);}}<\/style><div class=\"kb-row-layout-wrap kb-row-layout-id_49b93e-1b alignnone wp-block-kadence-rowlayout\"><div class=\"kt-row-column-wrap kt-has-1-columns kt-row-layout-equal kt-tab-layout-inherit kt-mobile-layout-row kt-row-valign-middle\">\n<style>.kadence-column_68e14b-c3 > .kt-inside-inner-col,.kadence-column_68e14b-c3 > .kt-inside-inner-col:before{border-top-left-radius:0px;border-top-right-radius:0px;border-bottom-right-radius:0px;border-bottom-left-radius:0px;}.kadence-column_68e14b-c3 > .kt-inside-inner-col{column-gap:var(--global-kb-gap-sm, 1rem);}.kadence-column_68e14b-c3 > .kt-inside-inner-col{flex-direction:column;}.kadence-column_68e14b-c3 > .kt-inside-inner-col > .aligncenter{width:100%;}.kadence-column_68e14b-c3 > .kt-inside-inner-col:before{opacity:0.3;}.kadence-column_68e14b-c3{position:relative;}@media all and (max-width: 1024px){.kadence-column_68e14b-c3 > .kt-inside-inner-col{flex-direction:column;justify-content:center;}}@media all and (max-width: 767px){.kadence-column_68e14b-c3 > .kt-inside-inner-col{flex-direction:column;justify-content:center;}}<\/style>\n<div class=\"wp-block-kadence-column kadence-column_68e14b-c3 inner-column-1\"><div class=\"kt-inside-inner-col\"><style>.kb-google-maps-container_25e164-ca{height:550px;}<\/style><div class=\"kb-google-maps-container kb-google-maps-container_25e164-ca  wp-block-kadence-googlemaps\" data-mapid=\"_25e164ca\"><iframe width=\"100%\" height=\"100%\"\n\t\t\t\t\t\t\tstyle=\"border:0\" loading=\"lazy\"\n\t\t\t\t\t\t\tsrc=\"https:\/\/www.google.com\/maps\/embed\/v1\/place?key=AIzaSyBAM2o7PiQqwk15LC1XRH2e_KJ-jUa7KYk&#038;zoom=9&#038;maptype=roadmap&#038;q=Tropiszewo+11%2C+82-224+Lichnowy\"\n\t\t\t\t\t\t\ttitle=\"Google map of Tropiszewo 11, 82-224 Lichnowy\"><\/iframe><\/div><script>function kb_google_map_25e164ca() { let center = { lat: 37.8201, lng: -122.4781}; let map = new google.maps.Map(document.getElementById(\"kb-google-map_25e164ca\"), {\n\t\t\t\t\t    zoom: 9,\n\t\t\t\t\t    center: center,});let marker = new google.maps.Marker({   position: { lat: 37.8201, lng: -122.4781},    map: map,  });}<\/script><\/div><\/div>\n\n<\/div><\/div>","protected":false},"excerpt":{"rendered":"<p>Consultancy and Technical ServicesPiotr Gniech Write to us:<\/p>","protected":false},"author":2,"featured_media":0,"parent":0,"menu_order":0,"comment_status":"closed","ping_status":"closed","template":"","meta":{"_acf_changed":false,"_kad_blocks_custom_css":"","_kad_blocks_head_custom_js":"","_kad_blocks_body_custom_js":"","_kad_blocks_footer_custom_js":"","_kad_post_transparent":"","_kad_post_title":"","_kad_post_layout":"fullwidth","_kad_post_sidebar_id":"","_kad_post_content_style":"","_kad_post_vertical_padding":"","_kad_post_feature":"","_kad_post_feature_position":"","_kad_post_header":false,"_kad_post_footer":false,"_kad_post_classname":"","footnotes":""},"class_list":["post-23","page","type-page","status-publish","hentry"],"acf":[],"taxonomy_info":[],"featured_image_src_large":false,"author_info":{"display_name":"Micha\u0142 Witt","author_link":"https:\/\/diut.eu\/en\/author\/michal\/"},"comment_info":0,"_links":{"self":[{"href":"https:\/\/diut.eu\/en\/wp-json\/wp\/v2\/pages\/23","targetHints":{"allow":["GET"]}}],"collection":[{"href":"https:\/\/diut.eu\/en\/wp-json\/wp\/v2\/pages"}],"about":[{"href":"https:\/\/diut.eu\/en\/wp-json\/wp\/v2\/types\/page"}],"author":[{"embeddable":true,"href":"https:\/\/diut.eu\/en\/wp-json\/wp\/v2\/users\/2"}],"replies":[{"embeddable":true,"href":"https:\/\/diut.eu\/en\/wp-json\/wp\/v2\/comments?post=23"}],"version-history":[{"count":31,"href":"https:\/\/diut.eu\/en\/wp-json\/wp\/v2\/pages\/23\/revisions"}],"predecessor-version":[{"id":1323,"href":"https:\/\/diut.eu\/en\/wp-json\/wp\/v2\/pages\/23\/revisions\/1323"}],"wp:attachment":[{"href":"https:\/\/diut.eu\/en\/wp-json\/wp\/v2\/media?parent=23"}],"curies":[{"name":"wp","href":"https:\/\/api.w.org\/{rel}","templated":true}]}}