{"id":19,"date":"2022-12-19T08:58:45","date_gmt":"2022-12-19T07:58:45","guid":{"rendered":"https:\/\/diut.eu\/?page_id=19"},"modified":"2026-04-17T16:10:17","modified_gmt":"2026-04-17T14:10:17","slug":"lista-referencyjna","status":"publish","type":"page","link":"https:\/\/diut.eu\/en\/lista-referencyjna\/","title":{"rendered":"Reference list"},"content":{"rendered":"<style>.kb-row-layout-id19_5389e8-e1 > .kt-row-column-wrap{align-content:start;}:where(.kb-row-layout-id19_5389e8-e1 > .kt-row-column-wrap) > .wp-block-kadence-column{justify-content:start;}.kb-row-layout-id19_5389e8-e1 > .kt-row-column-wrap{column-gap:var(--global-kb-gap-md, 2rem);row-gap:var(--global-kb-gap-md, 2rem);padding-top:var(--global-kb-spacing-sm, 1.5rem);padding-bottom:var(--global-kb-spacing-sm, 1.5rem);grid-template-columns:minmax(0, 1fr);}.kb-row-layout-id19_5389e8-e1 > .kt-row-layout-overlay{opacity:0.30;}@media all and (max-width: 1024px){.kb-row-layout-id19_5389e8-e1 > .kt-row-column-wrap{grid-template-columns:minmax(0, 1fr);}}@media all and (max-width: 767px){.kb-row-layout-id19_5389e8-e1 > .kt-row-column-wrap{grid-template-columns:minmax(0, 1fr);}}<\/style><div class=\"kb-row-layout-wrap kb-row-layout-id19_5389e8-e1 alignnone wp-block-kadence-rowlayout\"><div class=\"kt-row-column-wrap kt-has-1-columns kt-row-layout-equal kt-tab-layout-inherit kt-mobile-layout-row kt-row-valign-top\">\n<style>.kadence-column19_575fd4-09 > .kt-inside-inner-col,.kadence-column19_575fd4-09 > .kt-inside-inner-col:before{border-top-left-radius:0px;border-top-right-radius:0px;border-bottom-right-radius:0px;border-bottom-left-radius:0px;}.kadence-column19_575fd4-09 > .kt-inside-inner-col{column-gap:var(--global-kb-gap-sm, 1rem);}.kadence-column19_575fd4-09 > .kt-inside-inner-col{flex-direction:column;}.kadence-column19_575fd4-09 > .kt-inside-inner-col > .aligncenter{width:100%;}.kadence-column19_575fd4-09 > .kt-inside-inner-col:before{opacity:0.3;}.kadence-column19_575fd4-09{position:relative;}@media all and (max-width: 1024px){.kadence-column19_575fd4-09 > .kt-inside-inner-col{flex-direction:column;justify-content:center;}}@media all and (max-width: 767px){.kadence-column19_575fd4-09 > .kt-inside-inner-col{flex-direction:column;justify-content:center;}}<\/style>\n<div class=\"wp-block-kadence-column kadence-column19_575fd4-09\"><div class=\"kt-inside-inner-col\"><style>.wp-block-kadence-advancedheading.kt-adv-heading19_ab1f60-78, .wp-block-kadence-advancedheading.kt-adv-heading19_ab1f60-78[data-kb-block=\"kb-adv-heading19_ab1f60-78\"]{text-align:center;font-size:var(--global-kb-font-size-lg, 2rem);font-style:normal;}.wp-block-kadence-advancedheading.kt-adv-heading19_ab1f60-78 mark.kt-highlight, .wp-block-kadence-advancedheading.kt-adv-heading19_ab1f60-78[data-kb-block=\"kb-adv-heading19_ab1f60-78\"] mark.kt-highlight{font-style:normal;color:#f76a0c;-webkit-box-decoration-break:clone;box-decoration-break:clone;padding-top:0px;padding-right:0px;padding-bottom:0px;padding-left:0px;}.wp-block-kadence-advancedheading.kt-adv-heading19_ab1f60-78 img.kb-inline-image, .wp-block-kadence-advancedheading.kt-adv-heading19_ab1f60-78[data-kb-block=\"kb-adv-heading19_ab1f60-78\"] img.kb-inline-image{width:150px;vertical-align:baseline;}<\/style>\n<h2 class=\"kt-adv-heading19_ab1f60-78 wp-block-kadence-advancedheading\" data-kb-block=\"kb-adv-heading19_ab1f60-78\"><strong>LISTA REFERENCYJNA \u2013 WYBRANE REALIZACJE<\/strong><\/h2>\n\n\n\n<p class=\"has-text-align-center\"><strong>\u2013 rok \u2013&nbsp; lokalizacja \u2013 klient \u00ad\u2013 projekt \u2013<\/strong><\/p>\n\n\n\n<ol style=\"line-height:2;list-style-type:1\" class=\"wp-block-list custom-ol\">\n<li>2000 \u2013 Chang Hua (Tajwan) \u2013 Fabryka Opakowa\u0144 Blaszanych sp. z o.o. w Gda\u0144sku \u2013 demonta\u017c linii do produkcji puszek i pieca LTG<\/li>\n\n\n\n<li>2001 \u2013 Kecskemet<em> <\/em>(W\u0119gry) \u2013 Cazander Bros. &amp; Sis. B.V. \u2013 przeniesienie linii do produkcji puszek z Belgii na W\u0119gry<\/li>\n\n\n\n<li>2005 \u2013 Bia\u0142a Cerkiew (Ukraina) \u2013 Cazander Bros. &amp; Sis. B.V. \u2013 monta\u017c drukarki<\/li>\n\n\n\n<li>2005 \u2013 Odense (Dania) \u2013 Glud&nbsp;&amp;&nbsp;Marstrand&nbsp;A\/S \u2013 demonta\u017c linii lakierniczych<\/li>\n\n\n\n<li>2005 \u2013 Ustro\u0144 (Polska) \u2013 Mokate S.A. \u2013 monta\u017c linii do konfekcjonowania mleka w proszku<\/li>\n\n\n\n<li>2005 \u2013 Lyon (Francja) \u2013 Cazander Bros. &amp; Sis. B.V. &nbsp;\u2013 demonta\u017c 8 linii lakierniczych<\/li>\n\n\n\n<li>2006 \u2013 Cieszyn (Polska) \u2013 Polifarb Cieszyn \u2013 Wroc\u0142aw S.A.&nbsp;\u2013 demonta\u017c linii do produkcji wiader<\/li>\n\n\n\n<li>2006 \u2013 Lysekil (Szwecja) \u2013 Glud&nbsp;&amp;&nbsp;Marstrand&nbsp;A\/S \u2013 demonta\u017c linii do produkcji puszek<\/li>\n\n\n\n<li>2006 \u2013 Sevilla (Hiszpania) \u2013 Cazander Bros. &amp; Sis. B.V. \u2013 monta\u017c linii drukarskiej Crabtree<\/li>\n\n\n\n<li>2007 \u2013 Falkenberg (Szwecja) \u2013 Cazander Bros. &amp; Sis. B.V. \u2013 demonta\u017c pieca<\/li>\n\n\n\n<li>2008 \u2013 2010 \u2013 Grodno (Bia\u0142oru\u015b) \u2013<a> Vogel &amp; Noot AG <\/a>\u2013 monta\u017c linii do produkcji puszek oraz uruchomienie produkcji<\/li>\n\n\n\n<li>2008 \u2013 Ventspils (Litwa) \u2013 Cazander Bros. &amp; Sis. B.V. \u2013 demonta\u017c linii do produkcji puszek<\/li>\n\n\n\n<li>2008 \u2013 Raci\u0105\u017c (Polska) \u2013 Polmlek Raci\u0105\u017c sp. z o.o. \u2013 monta\u017c linii do nape\u0142niania puszek do mleka skondensowanego<\/li>\n\n\n\n<li>2008 \u2013 St. Gallen (Szwajcaria) \u2013 Cazander Bros. &amp; Sis. B.V. \u2013 demonta\u017c linii do produkcji puszek Frei<\/li>\n\n\n\n<li>2009 \u2013 Oslo (Norwegia) \u2013 Cazander Bros. &amp; Sis. B.V. \u2013 demonta\u017c linii do produkcji puszek<\/li>\n\n\n\n<li>2010 \/ 2011 \u2013 Dolina Jordanu (Jordania) \u2013 <a><\/a><a>Vogel &amp; Noot <\/a>AG<em> &nbsp;<\/em>\u2013 monta\u017c linii lakierniczej (piec KBA, lakierka Mailander)<\/li>\n\n\n\n<li>2010 \u2013 Amman \/ Sahab (Jordania) \u2013 <a>Vogel &amp; Noot AG<\/a> \u2013 demonta\u017c i transport linii do produkcji puszek i linii drukarskiej (piec OSI, drukarka i lakierka Crabtree)<\/li>\n\n\n\n<li>2011 \/ 2012 \u2013 Dolina Jordanu (Jordania) \u2013 <a>Silgan Metal Packaging S.A. Jordan<\/a> \u2013 monta\u017c linii do produkcji puszek i linii drukarskiej (piec OSI, drukarka Crabtree)<\/li>\n\n\n\n<li>2011 \u2013 Krasnodar \/ Enem (Rosja) \u2013 <a>Silgan Metal Packaging LLC<\/a> \u2013 monta\u017c linii lakierniczej (piec KBA, agregat lakierniczy Crabtree)<\/li>\n\n\n\n<li>2012 \u2013 Browary (Ukraina) \u2013 Silgan Metal Packaging GmbH \u2013 monta\u017c linii lakierniczej (piec KBA)<\/li>\n\n\n\n<li>2012 \u2013 Znojmo (Czechy) \u2013 Cazander Bros. &amp; Sis. B.V. \u2013 demonta\u017c linii do produkcji puszek<\/li>\n\n\n\n<li>2013 \u2013 Bitola (Macedonia) \u2013 <a>Silgan Metal Packaging D.O.O.<em>&nbsp; <\/em><\/a>\u2013 demonta\u017c linii pieca<\/li>\n\n\n\n<li>2013 \u2013 Tallin (Estonia) \u2013 Silgan Metal Packaging GmbH \u2013 demonta\u017c linii do produkcji puszek do \u015bwiec<\/li>\n\n\n\n<li>2015 \u2013 Madryt (Hiszpania) \u2013 Cazander Bros. &amp; Sis. B.V. \u2013 monta\u017c linii do produkcji wiader<\/li>\n\n\n\n<li>2015 \u2013 Versmold (Niemcy) \u2013 Cazander Bros. &amp; Sis. B.V. \u2013 demonta\u017c maszyn lakierniczych<\/li>\n\n\n\n<li>2016 \u2013 Nowomoskowsk (Rosja) \u2013 Cazander Bros. &amp; Sis. B.V. \u2013 demonta\u017c linii do produkcji aerozoli<\/li>\n\n\n\n<li>2016 \u2013 Seesen (Niemcy) \u2013 Cazander Bros. &amp; Sis. B.V. \u2013 demonta\u017c linii lakierniczej<\/li>\n\n\n\n<li>2016 \u2013 Mitterdorf i. M. (Austria) \u2013 Cazander Bros. &amp; Sis. B.V. \u2013 demonta\u017c linii lakierniczej<\/li>\n\n\n\n<li>2016 \u2013 Lipsk (Niemcy) \u2013 Cazander Bros. &amp; Sis. B.V. \u2013 demonta\u017c linii lakierniczej<\/li>\n\n\n\n<li>2016 \u2013 Tropiszewo \u2013 Ardagh Group \u2013 remont zgrzewarki Soudronic<\/li>\n\n\n\n<li>2016 \u2013 Tropiszewo \u2013 Cazander Bros. &amp; Sis. B.V. \u2013 naprawa zgrzewarki Larsen<\/li>\n\n\n\n<li>2016 \u2013 Tropiszewo \u2013 Alior Bank S.A. \u2013 produkcja p\u00f3\u0142automatycznej za\u0142adowarki teleskopowej do za\u0142adunku kontener\u00f3w<\/li>\n\n\n\n<li>2016 \u2013 Dniepr (Ukraina) \u2013 Di\u2013Star LLC \u2013 sprzeda\u017c linii do produkcji sto\u017ckowych kanistr\u00f3w do oleju<\/li>\n\n\n\n<li>2016 \u2013 Kaliningrad (Rosja) \u2013 Service \u2013 Partner Ltd. \u2013 dostawa zamykarki Somme Elza 300<\/li>\n\n\n\n<li>2016 \u2013 Murcja (Hiszpania) \u2013 Trademar Bunkers S.L. \u2013 dostawa i remont prasy Blema PKXD40<\/li>\n\n\n\n<li>2017 \u2013 Cherson (Ukraina) \u2013 Tin Service PP \u2013 dostawa obrotnicy do blach Metalbox<\/li>\n\n\n\n<li>2017 \u2013 Lagos De Moreno (Meksyk) \u2013 <a>Global Ends S.A. de C.V. <\/a>\u2013 monta\u017c linii lakierniczej<\/li>\n\n\n\n<li>2017 \u2013 Hanower (Niemcy) \u2013 Cazander Bros. &amp; Sis. B.V. \u2013 demonta\u017c linii do produkcji beczek<\/li>\n\n\n\n<li>2017 \u2013 Wedel (Niemcy) \u2013 Cazander Bros. &amp; Sis. B.V. \u2013 demonta\u017c paletyzera<\/li>\n\n\n\n<li>2018 \u2013 2019 Wilno (Litwa) \u2013 <a>Elmoris JSC<\/a><em> &nbsp;<\/em>\u2013 przeniesienie linii drukarskiej i lakierniczej do nowej fabryki<\/li>\n\n\n\n<li>2018 \u2013 Hedensted \/ Odense (Dania) \u2013 Cazander Bros. &amp; Sis. B.V. \u2013 demonta\u017c linii drukarskiej i lakierniczej<\/li>\n\n\n\n<li>2018 \u2013 Miraballes (Hiszpania) \u2013 Cazander Bros. &amp; Sis. B.V. \u2013 demonta\u017c linii drukarskiej<\/li>\n\n\n\n<li>2018 \u2013 Helsinki (Finlandia) \u2013 Huber Packaging Oy \u2013 demonta\u017c 8 linii: lakierniczych, drukarskich,&nbsp; do produkcji puszek<\/li>\n\n\n\n<li>2018 \u2013 Wilno (Litwa) \u2013 LLC Eurasia Lubricants \u2013 remont linii produkcyjnej puszek \u03c652&#215;235<\/li>\n\n\n\n<li>2018 \u2013 Tropiszewo (Polska) \u2013 Bovema International BV \u2013 remont zamykarki pr\u00f3\u017cniowej Ferrum<\/li>\n\n\n\n<li>2018 \/ 2019 \u2013 Hannover (Niemcy) \u2013 Cazander Bros. &amp; Sis. B.V. \u2013 demonta\u017c linii lakierniczej<\/li>\n\n\n\n<li>2019 \u2013 Ryga (\u0141otwa) \u2013 Polinka Trade SIA \u2013 dostawa drukarki Fuji Primex P450 z piecem UV<\/li>\n\n\n\n<li>2019 \u2013 Tropiszewo (Polska) \u2013 Cazander Bros. &amp; Sis. B.V. \u2013 remont i sprzeda\u017c zamykarki Lubeca 955<\/li>\n\n\n\n<li>2019 \u2013 <a>Murcja (Hiszpania) \u2013 Trademar Export \u2013 Import SL <\/a>\u2013 wykonanie narz\u0119dzia do t\u0142oczenia puszki \u00bc club<\/li>\n\n\n\n<li>2019 \u2013 <a>Homel (Bia\u0142oru\u015b) \u2013 <\/a>Cazander Bros. &amp; Sis. B.V. \u2013 przegl\u0105d no\u017cyc Karges \u2013 Hammer SPzz 1000<\/li>\n\n\n\n<li>2019 \u2013 <a>Tropiszewo (Polska) \u2013 Cazander<\/a> Bros. &amp; Sis. B.V. \u2013 remont generalny no\u017cyc Krupp Ssav Duplex<\/li>\n\n\n\n<li>2019 \u2013 Seesen (Niemcy) \u2013 <a>Crown Closures Germany GmbH<\/a> \u2013 demonta\u017c i monta\u017c linii drukarskiej<\/li>\n\n\n\n<li>2019 \u2013 Lubeka (Niemcy) \u2013 <a>Crown Closures Germany GmbH<\/a> \u2013 demonta\u017c linii produkcyjnej puszek \u03c690 wraz z paletyzerami, depaletyzerami, systemami transportowymi i innymi maszynami<\/li>\n\n\n\n<li>2019 \u2013 <a>Helsinki \/ Vantaa (Finlandia) \u2013 Cazander <\/a>Bros. &amp; Sis. B.V. \u2013 demonta\u017c linii produkcyjnych<\/li>\n\n\n\n<li>2020 \u2013 Wilno (Litwa) \u2013 Elmoris JSC \u2013 przeniesienie linii drukarskiej i lakierniczej KBA do nowej lokalizacji fabryki<\/li>\n\n\n\n<li>2020 \u2013 <a>Mascaraque \/ Toledo<\/a> (Hiszpania) \u2013 <a>Imto Pack S.L. <\/a>\u2013 monta\u017c linii produkcyjnej Sabatier<\/li>\n\n\n\n<li>2020 \u2013 Coldicot (Wielka Brytania) \u2013 Cazander Bros. &amp; Sis. B.V. \u2013 demonta\u017c pieca 33m LTG<\/li>\n\n\n\n<li>2020 \u2013 Weiding(Niemcy) \u2013 <a>Crown Closures Germany GmbH <\/a>\u2013 demonta\u017c 5 linii do produkcji puszek zgrzewanych i transport<\/li>\n\n\n\n<li>2020 \u2013 Pleidelsheim (Niemcy) \u2013 Hebenstreit Metal Decorating GmbH \u2013 monta\u017c linii do lakierowania blachy<\/li>\n\n\n\n<li>2020 \u2013 Seesen (Niemcy) \u2013 Crown Foodcan Germany GmbH \u2013 dostawa barier bezpiecze\u0144stwa<\/li>\n\n\n\n<li>2020 \u2013 Murcja (Hiszpania) \u2013 Trademar Export \u2013 Import SL \u2013 remont i dostawa prasy Blema 63T<\/li>\n\n\n\n<li>2020 \u2013 Toledo (Hiszpania) \u2013 Imto Envases S.A. \u2013 monta\u017c linii do produkcji wiader sto\u017ckowych Sabatier<\/li>\n\n\n\n<li>2021 \u2013 <a>Veenendaal<\/a> (Holandia)&nbsp; \u2013<a><\/a><a> Veldkamp B.V.<\/a> \u2013 demonta\u017c linii do produkcji aerozoli<\/li>\n\n\n\n<li>2021 \u2013 Szenna (W\u0119gry) \u2013<a> Veldkamp B.V.&nbsp; <\/a>\u2013 monta\u017c linii do produkcji aerozoli<\/li>\n\n\n\n<li>2022 \u2013 Itzehoe (Niemcy) \u2013 Cazander Bros. &amp; Sis. B.V. \u2013 demonta\u017c linii produkcyjnych<\/li>\n\n\n\n<li>2022 \u2013 Seesen (Niemcy) \u2013 Cazander Bros. &amp; Sis. B.V. \u2013 demonta\u017c linii produkcyjnych<\/li>\n\n\n\n<li>2022 \u2013 Hamburg (Niemcy) \u2013 Cazander Bros. &amp; Sis. B.V. \u2013 demonta\u017c linii produkcyjnych<\/li>\n\n\n\n<li>2022 \/ 2023 \u2013 Erftstadt (Niemcy) \u2013 Cazander Bros. &amp; Sis. B.V. \u2013 demonta\u017c linii produkcyjnych<\/li>\n\n\n\n<li>2022 \/ 2023 \u2013 Ozork\u00f3w (Polska) \u2013 Nowopak sp. z o.o. \u2013 monta\u017c i uruchomienie nowej linii lakierniczej do puszek Koenig &amp; Bauer typ 470-21<\/li>\n\n\n\n<li>2023 \u2013 Ozork\u00f3w (Polska) \u2013 Servicepack sp. z o.o. \u2013 monta\u017c i uruchomienie czterokolorowej linii drukarskiej do puszek MetalStar 3-626-025<\/li>\n\n\n\n<li>2023 \u2013 Ozork\u00f3w (Polska) \u2013 Nowopak sp. z o.o. \u2013 wykonanie izolacji cieplnej rur na piecu linii lakierniczej Koenig &amp; Bauer typ 470-212, budowa i wyprowadzenie na dach komin\u00f3w ogniowych, wykonanie i wyprowadzenie na zewn\u0105trz instalacji strefy ch\u0142odzenia<\/li>\n\n\n\n<li>2023 \u2013 Halsteren (Holandia) \u2013 <a>Veldkamp B.V.<\/a> \u2013&nbsp;demonta\u017c jednokolorowej drukarki z do puszek piecem UV<\/li>\n\n\n\n<li>2023 \u2013 Erftstadt (Niemcy) \u2013 Cazander Bros. &amp; Sis. B.V. \u2013 demonta\u017c pieca linii lakierniczej<\/li>\n\n\n\n<li>2023 \u2013 Tragamin (Polska) \u2013 Flexopack Polska sp. z o.o. \u2013 budowa nowej linii do ekstruzji PE<\/li>\n\n\n\n<li>2023 \u2013 Seesen (Niemcy) \u2013 Eviosys Packaging Switzerland GmbH \u2013 demonta\u017c maszyn do produkcji opakowa\u0144<\/li>\n\n\n\n<li>2023 \u2013 Victoria (Seszele) \u2013 <a>Veldkamp B.V.<\/a> \u2013 demonta\u017c maszyn, pras oraz linii do produkcji puszek<\/li>\n\n\n\n<li>2023 \u2013 <a>Tropiszewo (Polska) \u2013 <\/a>DIUT P.Gniech \u2013 remont prasy FMI Macfond<\/li>\n\n\n\n<li>2023 \u2013 Szenna (W\u0119gry) \u2013 Veldkamp B.V. \u2013 monta\u017c linii do produkcji areozoli<\/li>\n\n\n\n<li>2023 \u2013 Nagyk\u0151r\u00f6s (W\u0119gry) \u2013 Trivium Packaging Magyarorsz\u00e1g Kft. \u2013 monta\u017c pieca LTG<\/li>\n\n\n\n<li>2023 \u2013 Liverpool (Wielka Brytania) \u2013 Cazander Bros. &amp; Sis. B.V. \u2013 demonta\u017c linii wiader Soudronic <\/li>\n\n\n\n<li>2023 \/ 2024 \u2013 <a>Tropiszewo (Polska) \u2013 <\/a>DIUT P.Gniech \u2013 remont zamykarki Comaco<\/li>\n\n\n\n<li>2024 \u2013 Pruszcz Gd. (Polska) \u2013 PB Szymichowski sp. z o.o. \u2013 remont i przegl\u0105d kruszarki Rubble Master<\/li>\n\n\n\n<li>2024 \u2013 Tropiszewo (Polska) \u2013 DIUT P.Gniech \u2013 Art\u2013Mark sp. z o.o. Ukraina \u2013 remont obrotnicy do paczek blachy Wellman<\/li>\n\n\n\n<li>2024 \u2013 Deventer (Holandia) \u2013 Veldkamp B.V. \u2013 monta\u017c linii do produkcji sztucznej trawy oraz inne prace warsztatowe<\/li>\n\n\n\n<li>2024 \u2013 Ulricehamn (Szwecja) \u2013 Emballator Ulricehamns Bleck AB \u2013 demonta\u017c linii do zgrzewania puszek oraz pojedynczych maszyn<\/li>\n\n\n\n<li>2024 \u2013 Liverpool (Wielka Brytania) \u2013 Cazander Bros. &amp; Sis. B.V. \u2013 demonta\u017c linii zgrzewaj\u0105cej Soudronic<\/li>\n\n\n\n<li>2024 \u2013 Thun (Szwajcaria) \u2013 Veldkamp B.V. \u2013 demonta\u017c linii do produkcji pude\u0142ek do cygar<\/li>\n\n\n\n<li>2024\/25 \u2013 Dronten (Holandia) \u2013 Veldkamp B.V. \u2013 demonta\u017c linii do produkcji pude\u0142ek do tytoniu<\/li>\n\n\n\n<li>2025 \u2013 Leeuwarden (Holandia) \u2013 Cazander Bros. &amp; Sis. B.V. \u2013 demonta\u017c linii do produkcji puszek do mleka<\/li>\n\n\n\n<li>2025 \u2013 Gda\u0144sk (Polska) \u2013 Rafineria Gda\u0144ska sp. z o.o. \u2013 monta\u017c platformy<\/li>\n\n\n\n<li>2025 \u2013 Pruszcz Gda\u0144ski (Polska) \u2013 Sonoco Metal Packaging Polska \u2013 demonta\u017c linii drukarskiej Crabtree i pieca LTG<\/li>\n\n\n\n<li>2025\/26 \u2013 Pruszcz Gda\u0144ski (Polska) \u2013 Sonoco Metal Packaging Polska \u2013 demonta\u017c pieca linii lakierniczej<\/li>\n\n\n\n<li>2026 \u2013 Jankowo Gda\u0144skie (Polska) \u2013 NRF Poland sp. z o.o. \u2013 relokacja zak\u0142adu produkcyjnego<\/li>\n\n\n\n<li>2026 \u2013 Seesen (Niemcy) \u2013 Sonoco Products Company \u2013 demonta\u017c linii do produkcji wieczek<\/li>\n\n\n\n<li>2026 \u2013 Ulricehamn (Szwecja) \u2013 Cazander Bros. &amp; Sis. B.V. \u2013 demonta\u017c linii Meltog<\/li>\n<\/ol>\n<\/div><\/div>\n\n<\/div><\/div>","protected":false},"excerpt":{"rendered":"<p>REFERENCE LIST - SELECTED REALISATIONS - year - location - client - project -<\/p>","protected":false},"author":2,"featured_media":0,"parent":0,"menu_order":0,"comment_status":"closed","ping_status":"closed","template":"","meta":{"_acf_changed":false,"_kad_blocks_custom_css":"","_kad_blocks_head_custom_js":"","_kad_blocks_body_custom_js":"","_kad_blocks_footer_custom_js":"","_kad_post_transparent":"","_kad_post_title":"","_kad_post_layout":"","_kad_post_sidebar_id":"","_kad_post_content_style":"","_kad_post_vertical_padding":"","_kad_post_feature":"","_kad_post_feature_position":"","_kad_post_header":false,"_kad_post_footer":false,"_kad_post_classname":"","footnotes":""},"class_list":["post-19","page","type-page","status-publish","hentry"],"acf":[],"taxonomy_info":[],"featured_image_src_large":false,"author_info":{"display_name":"Micha\u0142 Witt","author_link":"https:\/\/diut.eu\/en\/author\/michal\/"},"comment_info":0,"_links":{"self":[{"href":"https:\/\/diut.eu\/en\/wp-json\/wp\/v2\/pages\/19","targetHints":{"allow":["GET"]}}],"collection":[{"href":"https:\/\/diut.eu\/en\/wp-json\/wp\/v2\/pages"}],"about":[{"href":"https:\/\/diut.eu\/en\/wp-json\/wp\/v2\/types\/page"}],"author":[{"embeddable":true,"href":"https:\/\/diut.eu\/en\/wp-json\/wp\/v2\/users\/2"}],"replies":[{"embeddable":true,"href":"https:\/\/diut.eu\/en\/wp-json\/wp\/v2\/comments?post=19"}],"version-history":[{"count":40,"href":"https:\/\/diut.eu\/en\/wp-json\/wp\/v2\/pages\/19\/revisions"}],"predecessor-version":[{"id":1508,"href":"https:\/\/diut.eu\/en\/wp-json\/wp\/v2\/pages\/19\/revisions\/1508"}],"wp:attachment":[{"href":"https:\/\/diut.eu\/en\/wp-json\/wp\/v2\/media?parent=19"}],"curies":[{"name":"wp","href":"https:\/\/api.w.org\/{rel}","templated":true}]}}